{"id":2462,"date":"2026-03-26T20:56:25","date_gmt":"2026-03-26T20:56:25","guid":{"rendered":"https:\/\/devcscpca.cubeler.net\/what-we-do\/"},"modified":"2026-04-07T15:19:43","modified_gmt":"2026-04-07T15:19:43","slug":"membership","status":"publish","type":"page","link":"https:\/\/devcscpca.cubeler.net\/fr\/membership\/","title":{"rendered":"Adh\u00e9sion"},"content":{"rendered":"<div data-elementor-type=\"wp-post\" data-elementor-id=\"2462\" class=\"elementor elementor-2462\">\n\t\t\t\t<div class=\"elementor-element elementor-element-b9c0fcd e-flex e-con-boxed e-con e-parent\" data-id=\"b9c0fcd\" data-element_type=\"container\" data-e-type=\"container\" data-settings=\"{&quot;background_background&quot;:&quot;classic&quot;}\">\n\t\t\t\t\t<div class=\"e-con-inner\">\n\t\t<div class=\"elementor-element elementor-element-f4ff5dc e-con-full e-flex e-con e-child\" data-id=\"f4ff5dc\" data-element_type=\"container\" data-e-type=\"container\">\n\t\t\t\t<div class=\"elementor-element elementor-element-e6e32ef elementor-widget-divider--view-line elementor-widget elementor-widget-divider\" data-id=\"e6e32ef\" data-element_type=\"widget\" data-e-type=\"widget\" data-widget_type=\"divider.default\">\n\t\t\t\t<div class=\"elementor-widget-container\">\n\t\t\t\t\t\t\t<div class=\"elementor-divider\">\n\t\t\t<span class=\"elementor-divider-separator\">\n\t\t\t\t\t\t<\/span>\n\t\t<\/div>\n\t\t\t\t\t\t<\/div>\n\t\t\t\t<\/div>\n\t\t\t\t<div class=\"elementor-element elementor-element-b059d60 elementor-widget-divider--view-line elementor-widget elementor-widget-divider\" data-id=\"b059d60\" data-element_type=\"widget\" data-e-type=\"widget\" data-widget_type=\"divider.default\">\n\t\t\t\t<div class=\"elementor-widget-container\">\n\t\t\t\t\t\t\t<div class=\"elementor-divider\">\n\t\t\t<span class=\"elementor-divider-separator\">\n\t\t\t\t\t\t<\/span>\n\t\t<\/div>\n\t\t\t\t\t\t<\/div>\n\t\t\t\t<\/div>\n\t\t\t\t<div class=\"elementor-element elementor-element-744c9bf elementor-widget elementor-widget-heading\" data-id=\"744c9bf\" data-element_type=\"widget\" data-e-type=\"widget\" data-widget_type=\"heading.default\">\n\t\t\t\t<div class=\"elementor-widget-container\">\n\t\t\t\t\t<h2 class=\"elementor-heading-title elementor-size-default\">L'union fait la force<\/h2>\t\t\t\t<\/div>\n\t\t\t\t<\/div>\n\t\t\t\t<\/div>\n\t\t\t\t\t<\/div>\n\t\t\t\t<\/div>\n\t\t<div class=\"elementor-element elementor-element-5b0c8ed e-flex e-con-boxed e-con e-parent\" data-id=\"5b0c8ed\" data-element_type=\"container\" data-e-type=\"container\" data-settings=\"{&quot;background_background&quot;:&quot;classic&quot;}\">\n\t\t\t\t\t<div class=\"e-con-inner\">\n\t\t\t\t<div class=\"elementor-element elementor-element-b630a65 elementor-widget elementor-widget-text-editor\" data-id=\"b630a65\" data-element_type=\"widget\" data-e-type=\"widget\" data-widget_type=\"text-editor.default\">\n\t\t\t\t<div class=\"elementor-widget-container\">\n\t\t\t\t\t\t\t\t\t<p>L'adh\u00e9sion \u00e0 l'Association canadienne des petites soci\u00e9t\u00e9s publiques (ACPSP) offre un cadre structur\u00e9 et transparent permettant aux \u00e9metteurs publics \u00e0 faible capitalisation et aux acteurs du march\u00e9 de contribuer \u00e0 un dialogue \u00e9clair\u00e9 sur la r\u00e9glementation des valeurs mobili\u00e8res, la mobilisation de capitaux et la structure des march\u00e9s qui touchent les march\u00e9s publics canadiens des soci\u00e9t\u00e9s \u00e0 faible capitalisation<br \/>L'Association est apolitique et s'appuie sur des donn\u00e9es factuelles. Elle a pour objectif de veiller \u00e0 ce que les d\u00e9bats sur la r\u00e9glementation et les politiques tiennent compte des r\u00e9alit\u00e9s op\u00e9rationnelles, des risques et des d\u00e9fis li\u00e9s \u00e0 la mobilisation de capitaux propres qui sont propres aux soci\u00e9t\u00e9s cot\u00e9es de petite capitalisation, tout en soutenant l'int\u00e9grit\u00e9 du march\u00e9, la protection des investisseurs et la confiance dans les march\u00e9s publics canadiens.<\/p><p><strong>Crit\u00e8res d'adh\u00e9sion<br \/><\/strong>Tous les membres sont tenus de soutenir la mission, les valeurs et l'engagement de l'ACPSP en faveur d'un dialogue constructif. L'adh\u00e9sion \u00e0 l'association n'implique aucunement une recommandation d'un \u00e9metteur, d'un produit d'investissement ou d'une activit\u00e9 de march\u00e9 en particulier. L'association ne fournit aucun conseil en investissement et ne fait la promotion d'aucun titre sp\u00e9cifique.<\/p><p>L'ACPSP sert de plateforme collaborative visant \u00e0 favoriser un d\u00e9bat \u00e9quilibr\u00e9 et \u00e9clair\u00e9 sur la modernisation de la r\u00e9glementation, l'acc\u00e8s aux capitaux et la structure du march\u00e9, tout en reconnaissant l'importance tant de la viabilit\u00e9 des \u00e9metteurs que de la protection des investisseurs.<\/p><p>Par le biais de son adh\u00e9sion, l'ACPSP entend contribuer de mani\u00e8re significative \u00e0 l'\u00e9laboration de politiques favorisant un march\u00e9 public canadien \u00e9quitable, efficace et concurrentiel pour les petites entreprises.<\/p>\t\t\t\t\t\t\t\t<\/div>\n\t\t\t\t<\/div>\n\t\t\t\t\t<\/div>\n\t\t\t\t<\/div>\n\t\t<div class=\"elementor-element elementor-element-8f3d46f e-flex e-con-boxed e-con e-parent\" data-id=\"8f3d46f\" data-element_type=\"container\" data-e-type=\"container\" data-settings=\"{&quot;background_background&quot;:&quot;classic&quot;}\">\n\t\t\t\t\t<div class=\"e-con-inner\">\n\t\t<div class=\"elementor-element elementor-element-f385feb e-con-full e-flex e-con e-child\" data-id=\"f385feb\" data-element_type=\"container\" data-e-type=\"container\">\n\t\t\t\t<div class=\"elementor-element elementor-element-b200279 elementor-widget elementor-widget-heading\" data-id=\"b200279\" data-element_type=\"widget\" data-e-type=\"widget\" data-widget_type=\"heading.default\">\n\t\t\t\t<div class=\"elementor-widget-container\">\n\t\t\t\t\t<h2 class=\"elementor-heading-title elementor-size-default\">Conditions d'\u00e9ligibilit\u00e9 et cat\u00e9gories d'adh\u00e9sion<\/h2>\t\t\t\t<\/div>\n\t\t\t\t<\/div>\n\t\t\t\t<div class=\"elementor-element elementor-element-1e9726e elementor-widget elementor-widget-n-accordion\" data-id=\"1e9726e\" data-element_type=\"widget\" data-e-type=\"widget\" data-settings=\"{&quot;default_state&quot;:&quot;all_collapsed&quot;,&quot;max_items_expended&quot;:&quot;one&quot;,&quot;n_accordion_animation_duration&quot;:{&quot;unit&quot;:&quot;ms&quot;,&quot;size&quot;:400,&quot;sizes&quot;:[]}}\" data-widget_type=\"nested-accordion.default\">\n\t\t\t\t<div class=\"elementor-widget-container\">\n\t\t\t\t\t\t\t<div class=\"e-n-accordion\" aria-label=\"Accordion. Open links with Enter or Space, close with Escape, and navigate with Arrow Keys\">\n\t\t\t\t\t\t<details id=\"e-n-accordion-item-3200\" class=\"e-n-accordion-item\" >\n\t\t\t\t<summary class=\"e-n-accordion-item-title\" data-accordion-index=\"1\" tabindex=\"0\" aria-expanded=\"false\" aria-controls=\"e-n-accordion-item-3200\" >\n\t\t\t\t\t<span class='e-n-accordion-item-title-header'><div class=\"e-n-accordion-item-title-text\"> Adh\u00e9sion \u00e9metteur <\/div><\/span>\n\t\t\t\t\t\t\t<span class='e-n-accordion-item-title-icon'>\n\t\t\t<span class='e-opened' ><i aria-hidden=\"true\" class=\"fas fa-minus\"><\/i><\/span>\n\t\t\t<span class='e-closed'><i aria-hidden=\"true\" class=\"fas fa-plus\"><\/i><\/span>\n\t\t<\/span>\n\n\t\t\t\t\t\t<\/summary>\n\t\t\t\t<div role=\"region\" aria-labelledby=\"e-n-accordion-item-3200\" class=\"elementor-element elementor-element-3be445a e-con-full e-flex e-con e-child\" data-id=\"3be445a\" data-element_type=\"container\" data-e-type=\"container\">\n\t\t\t\t<div class=\"elementor-element elementor-element-e831405 elementor-widget elementor-widget-heading\" data-id=\"e831405\" data-element_type=\"widget\" data-e-type=\"widget\" data-widget_type=\"heading.default\">\n\t\t\t\t<div class=\"elementor-widget-container\">\n\t\t\t\t\t<h4 class=\"elementor-heading-title elementor-size-default\">Membres \u00e9metteurs<\/h4>\t\t\t\t<\/div>\n\t\t\t\t<\/div>\n\t\t\t\t<div class=\"elementor-element elementor-element-aa720f4 elementor-widget elementor-widget-text-editor\" data-id=\"aa720f4\" data-element_type=\"widget\" data-e-type=\"widget\" data-widget_type=\"text-editor.default\">\n\t\t\t\t<div class=\"elementor-widget-container\">\n\t\t\t\t\t\t\t\t\t<p>L'adh\u00e9sion \u00e0 titre d'\u00e9metteur est ouverte aux dirigeants et aux administrateurs de soci\u00e9t\u00e9s \u00e0 faible capitalisation cot\u00e9es sur une bourse canadienne. Ces soci\u00e9t\u00e9s \u00e0 faible capitalisation sont g\u00e9n\u00e9ralement des entreprises en phase de d\u00e9marrage ou ax\u00e9es sur la croissance, pour lesquelles une r\u00e9glementation proportionn\u00e9e, l'acc\u00e8s au capital, la liquidit\u00e9 du march\u00e9 et des obligations de divulgation \u00e9quitables sont essentiels \u00e0 leur viabilit\u00e9 \u00e0 long terme.<br \/>Les membres \u00e9metteurs constituent le noyau central de la ACPSP et contribuent \u00e0 d\u00e9finir les priorit\u00e9s strat\u00e9giques de l'association gr\u00e2ce \u00e0 leur engagement direct et \u00e0 leur repr\u00e9sentation collective.<\/p>\t\t\t\t\t\t\t\t<\/div>\n\t\t\t\t<\/div>\n\t\t\t\t<div class=\"elementor-element elementor-element-7c6b56e elementor-widget elementor-widget-heading\" data-id=\"7c6b56e\" data-element_type=\"widget\" data-e-type=\"widget\" data-widget_type=\"heading.default\">\n\t\t\t\t<div class=\"elementor-widget-container\">\n\t\t\t\t\t<h4 class=\"elementor-heading-title elementor-size-default\">L'adh\u00e9sion en tant que membre \u00e9metteur individuel co\u00fbte $100 par an<br>L'adh\u00e9sion pour les membres \u00e9metteurs corporatifs co\u00fbte $300 par an et permet de d\u00e9signer 5 personnes<\/h4>\t\t\t\t<\/div>\n\t\t\t\t<\/div>\n\t\t\t\t<div class=\"elementor-element elementor-element-99ca57f elementor-align-center elementor-widget elementor-widget-button\" data-id=\"99ca57f\" data-element_type=\"widget\" data-e-type=\"widget\" data-widget_type=\"button.default\">\n\t\t\t\t<div class=\"elementor-widget-container\">\n\t\t\t\t\t\t\t\t\t<div class=\"elementor-button-wrapper\">\n\t\t\t\t\t<a class=\"elementor-button elementor-button-link elementor-size-sm\" href=\"https:\/\/devcscpca.cubeler.net\/fr\/plans\/issuer-individual-and-corporate\/\">\n\t\t\t\t\t\t<span class=\"elementor-button-content-wrapper\">\n\t\t\t\t\t\t\t\t\t<span class=\"elementor-button-text\">S\u00e9l\u00e9ctionnez cet abonnement<\/span>\n\t\t\t\t\t<\/span>\n\t\t\t\t\t<\/a>\n\t\t\t\t<\/div>\n\t\t\t\t\t\t\t\t<\/div>\n\t\t\t\t<\/div>\n\t\t\t\t<\/div>\n\t\t\t\t\t<\/details>\n\t\t\t\t\t\t<details id=\"e-n-accordion-item-3201\" class=\"e-n-accordion-item\" >\n\t\t\t\t<summary class=\"e-n-accordion-item-title\" data-accordion-index=\"2\" tabindex=\"-1\" aria-expanded=\"false\" aria-controls=\"e-n-accordion-item-3201\" >\n\t\t\t\t\t<span class='e-n-accordion-item-title-header'><div class=\"e-n-accordion-item-title-text\"> Adh\u00e9sion professionnel <\/div><\/span>\n\t\t\t\t\t\t\t<span class='e-n-accordion-item-title-icon'>\n\t\t\t<span class='e-opened' ><i aria-hidden=\"true\" class=\"fas fa-minus\"><\/i><\/span>\n\t\t\t<span class='e-closed'><i aria-hidden=\"true\" class=\"fas fa-plus\"><\/i><\/span>\n\t\t<\/span>\n\n\t\t\t\t\t\t<\/summary>\n\t\t\t\t<div role=\"region\" aria-labelledby=\"e-n-accordion-item-3201\" class=\"elementor-element elementor-element-53ac9ea e-con-full e-flex e-con e-child\" data-id=\"53ac9ea\" data-element_type=\"container\" data-e-type=\"container\">\n\t\t\t\t<div class=\"elementor-element elementor-element-3073fc6 elementor-widget elementor-widget-heading\" data-id=\"3073fc6\" data-element_type=\"widget\" data-e-type=\"widget\" data-widget_type=\"heading.default\">\n\t\t\t\t<div class=\"elementor-widget-container\">\n\t\t\t\t\t<h4 class=\"elementor-heading-title elementor-size-default\">Membres professionnels<\/h4>\t\t\t\t<\/div>\n\t\t\t\t<\/div>\n\t\t\t\t<div class=\"elementor-element elementor-element-4af6c95 elementor-widget elementor-widget-text-editor\" data-id=\"4af6c95\" data-element_type=\"widget\" data-e-type=\"widget\" data-widget_type=\"text-editor.default\">\n\t\t\t\t<div class=\"elementor-widget-container\">\n\t\t\t\t\t\t\t\t\t<p>L'adh\u00e9sion est \u00e9galement ouverte aux professionnels et aux organisations qui travaillent directement avec les march\u00e9s boursiers canadiens des petites capitalisations ou qui poss\u00e8dent une expertise dans ce domaine. Cela inclut les professionnels des domaines juridique, comptable, de la conformit\u00e9, des march\u00e9s de capitaux, des relations avec les investisseurs, de la n\u00e9gociation, de la recherche et du conseil, dont l'exp\u00e9rience contribue \u00e0 des discussions \u00e9clair\u00e9es et concr\u00e8tes sur les politiques.<br \/>Les membres professionnels apportent leur expertise technique et leur vision du march\u00e9, mais ne se substituent pas aux actions de promotion men\u00e9es par les \u00e9metteurs.<\/p>\t\t\t\t\t\t\t\t<\/div>\n\t\t\t\t<\/div>\n\t\t\t\t<div class=\"elementor-element elementor-element-e0c1419 elementor-widget elementor-widget-heading\" data-id=\"e0c1419\" data-element_type=\"widget\" data-e-type=\"widget\" data-widget_type=\"heading.default\">\n\t\t\t\t<div class=\"elementor-widget-container\">\n\t\t\t\t\t<h4 class=\"elementor-heading-title elementor-size-default\">L'adh\u00e9sion en tant que membre professionnel individuel co\u00fbte $50 par an<br>L'adh\u00e9sion pour les membres professionnels corporatifs co\u00fbte $180 par an et permet de d\u00e9signer 5 personnes<\/h4>\t\t\t\t<\/div>\n\t\t\t\t<\/div>\n\t\t\t\t<div class=\"elementor-element elementor-element-758f003 elementor-align-center elementor-widget elementor-widget-button\" data-id=\"758f003\" data-element_type=\"widget\" data-e-type=\"widget\" data-widget_type=\"button.default\">\n\t\t\t\t<div class=\"elementor-widget-container\">\n\t\t\t\t\t\t\t\t\t<div class=\"elementor-button-wrapper\">\n\t\t\t\t\t<a class=\"elementor-button elementor-button-link elementor-size-sm\" href=\"https:\/\/devcscpca.cubeler.net\/fr\/plans\/professional-individual-and-corporate\/\">\n\t\t\t\t\t\t<span class=\"elementor-button-content-wrapper\">\n\t\t\t\t\t\t\t\t\t<span class=\"elementor-button-text\">S\u00e9l\u00e9ctionnez cet abonnement<\/span>\n\t\t\t\t\t<\/span>\n\t\t\t\t\t<\/a>\n\t\t\t\t<\/div>\n\t\t\t\t\t\t\t\t<\/div>\n\t\t\t\t<\/div>\n\t\t\t\t<\/div>\n\t\t\t\t\t<\/details>\n\t\t\t\t\t\t<details id=\"e-n-accordion-item-3202\" class=\"e-n-accordion-item\" >\n\t\t\t\t<summary class=\"e-n-accordion-item-title\" data-accordion-index=\"3\" tabindex=\"-1\" aria-expanded=\"false\" aria-controls=\"e-n-accordion-item-3202\" >\n\t\t\t\t\t<span class='e-n-accordion-item-title-header'><div class=\"e-n-accordion-item-title-text\"> Adh\u00e9sion supporteur public <\/div><\/span>\n\t\t\t\t\t\t\t<span class='e-n-accordion-item-title-icon'>\n\t\t\t<span class='e-opened' ><i aria-hidden=\"true\" class=\"fas fa-minus\"><\/i><\/span>\n\t\t\t<span class='e-closed'><i aria-hidden=\"true\" class=\"fas fa-plus\"><\/i><\/span>\n\t\t<\/span>\n\n\t\t\t\t\t\t<\/summary>\n\t\t\t\t<div role=\"region\" aria-labelledby=\"e-n-accordion-item-3202\" class=\"elementor-element elementor-element-48a5d49 e-con-full e-flex e-con e-child\" data-id=\"48a5d49\" data-element_type=\"container\" data-e-type=\"container\">\n\t\t\t\t<div class=\"elementor-element elementor-element-3c50d90 elementor-widget elementor-widget-heading\" data-id=\"3c50d90\" data-element_type=\"widget\" data-e-type=\"widget\" data-widget_type=\"heading.default\">\n\t\t\t\t<div class=\"elementor-widget-container\">\n\t\t\t\t\t<h4 class=\"elementor-heading-title elementor-size-default\">Membres supporteurs publics<\/h4>\t\t\t\t<\/div>\n\t\t\t\t<\/div>\n\t\t\t\t<div class=\"elementor-element elementor-element-0df2585 elementor-widget elementor-widget-text-editor\" data-id=\"0df2585\" data-element_type=\"widget\" data-e-type=\"widget\" data-widget_type=\"text-editor.default\">\n\t\t\t\t<div class=\"elementor-widget-container\">\n\t\t\t\t\t\t\t\t\t<p>L'ACPSP encourage la participation des investisseurs et du grand public qui s\u2019int\u00e9ressent \u00e0 la sant\u00e9, \u00e0 la transparence et \u00e0 la viabilit\u00e9 des march\u00e9s boursiers canadiens des petites capitalisations. Bien que ces parties prenantes ne participent pas \u00e0 la gouvernance, aux d\u00e9bats sur les politiques ni \u00e0 l\u2019\u00e9laboration de celles-ci, elles peuvent soumettre leurs questions et leurs pr\u00e9occupations d\u2019ordre r\u00e9glementaire \u00e0 la CSPCA et jouer ainsi un r\u00f4le important dans l\u2019am\u00e9lioration de la compr\u00e9hension du march\u00e9 et de la sensibilisation du public aux enjeux li\u00e9s aux petites capitalisations.<\/p>\t\t\t\t\t\t\t\t<\/div>\n\t\t\t\t<\/div>\n\t\t\t\t<div class=\"elementor-element elementor-element-017fc60 elementor-widget elementor-widget-heading\" data-id=\"017fc60\" data-element_type=\"widget\" data-e-type=\"widget\" data-widget_type=\"heading.default\">\n\t\t\t\t<div class=\"elementor-widget-container\">\n\t\t\t\t\t<h4 class=\"elementor-heading-title elementor-size-default\">L'adh\u00e9sion en tant que supporteur public co\u00fbte $50 par an<\/h4>\t\t\t\t<\/div>\n\t\t\t\t<\/div>\n\t\t\t\t<div class=\"elementor-element elementor-element-efae6a6 elementor-align-center elementor-widget elementor-widget-button\" data-id=\"efae6a6\" data-element_type=\"widget\" data-e-type=\"widget\" data-widget_type=\"button.default\">\n\t\t\t\t<div class=\"elementor-widget-container\">\n\t\t\t\t\t\t\t\t\t<div class=\"elementor-button-wrapper\">\n\t\t\t\t\t<a class=\"elementor-button elementor-button-link elementor-size-sm\" href=\"https:\/\/devcscpca.cubeler.net\/fr\/register\/public-supporter-membership\/\">\n\t\t\t\t\t\t<span class=\"elementor-button-content-wrapper\">\n\t\t\t\t\t\t\t\t\t<span class=\"elementor-button-text\">S\u00e9l\u00e9ctionnez cet abonnement<\/span>\n\t\t\t\t\t<\/span>\n\t\t\t\t\t<\/a>\n\t\t\t\t<\/div>\n\t\t\t\t\t\t\t\t<\/div>\n\t\t\t\t<\/div>\n\t\t\t\t<\/div>\n\t\t\t\t\t<\/details>\n\t\t\t\t\t<\/div>\n\t\t\t\t\t\t<\/div>\n\t\t\t\t<\/div>\n\t\t\t\t<\/div>\n\t\t\t\t\t<\/div>\n\t\t\t\t<\/div>\n\t\t\t\t<\/div>","protected":false},"excerpt":{"rendered":"<p>United we Stand, Divided we Fall Membership in the Canadian Small\u2011Cap Public Companies Association (CSPCA) provides a structured and transparent forum through which small\u2011cap public issuers and market participants can contribute to informed dialogue on securities regulation, capital formation, and market structure affecting Canada\u2019s small\u2011cap public markets.The Association is non\u2011partisan and evidence\u2011driven. Its purpose is [&hellip;]<\/p>\n","protected":false},"author":1,"featured_media":0,"parent":0,"menu_order":0,"comment_status":"closed","ping_status":"closed","template":"","meta":{"site-sidebar-layout":"no-sidebar","site-content-layout":"page-builder","ast-site-content-layout":"full-width-container","site-content-style":"unboxed","site-sidebar-style":"unboxed","ast-global-header-display":"","ast-banner-title-visibility":"","ast-main-header-display":"","ast-hfb-above-header-display":"","ast-hfb-below-header-display":"","ast-hfb-mobile-header-display":"","site-post-title":"disabled","ast-breadcrumbs-content":"","ast-featured-img":"disabled","footer-sml-layout":"","ast-disable-related-posts":"","theme-transparent-header-meta":"","adv-header-id-meta":"","stick-header-meta":"","header-above-stick-meta":"","header-main-stick-meta":"","header-below-stick-meta":"","astra-migrate-meta-layouts":"set","ast-page-background-enabled":"default","ast-page-background-meta":{"desktop":{"background-color":"","background-image":"","background-repeat":"repeat","background-position":"center center","background-size":"auto","background-attachment":"scroll","background-type":"","background-media":"","overlay-type":"","overlay-color":"","overlay-opacity":"","overlay-gradient":""},"tablet":{"background-color":"","background-image":"","background-repeat":"repeat","background-position":"center center","background-size":"auto","background-attachment":"scroll","background-type":"","background-media":"","overlay-type":"","overlay-color":"","overlay-opacity":"","overlay-gradient":""},"mobile":{"background-color":"","background-image":"","background-repeat":"repeat","background-position":"center center","background-size":"auto","background-attachment":"scroll","background-type":"","background-media":"","overlay-type":"","overlay-color":"","overlay-opacity":"","overlay-gradient":""}},"ast-content-background-meta":{"desktop":{"background-color":"var(--ast-global-color-5)","background-image":"","background-repeat":"repeat","background-position":"center center","background-size":"auto","background-attachment":"scroll","background-type":"","background-media":"","overlay-type":"","overlay-color":"","overlay-opacity":"","overlay-gradient":""},"tablet":{"background-color":"var(--ast-global-color-5)","background-image":"","background-repeat":"repeat","background-position":"center center","background-size":"auto","background-attachment":"scroll","background-type":"","background-media":"","overlay-type":"","overlay-color":"","overlay-opacity":"","overlay-gradient":""},"mobile":{"background-color":"var(--ast-global-color-5)","background-image":"","background-repeat":"repeat","background-position":"center center","background-size":"auto","background-attachment":"scroll","background-type":"","background-media":"","overlay-type":"","overlay-color":"","overlay-opacity":"","overlay-gradient":""}},"footnotes":""},"class_list":["post-2462","page","type-page","status-publish","hentry"],"_links":{"self":[{"href":"https:\/\/devcscpca.cubeler.net\/fr\/wp-json\/wp\/v2\/pages\/2462","targetHints":{"allow":["GET"]}}],"collection":[{"href":"https:\/\/devcscpca.cubeler.net\/fr\/wp-json\/wp\/v2\/pages"}],"about":[{"href":"https:\/\/devcscpca.cubeler.net\/fr\/wp-json\/wp\/v2\/types\/page"}],"author":[{"embeddable":true,"href":"https:\/\/devcscpca.cubeler.net\/fr\/wp-json\/wp\/v2\/users\/1"}],"replies":[{"embeddable":true,"href":"https:\/\/devcscpca.cubeler.net\/fr\/wp-json\/wp\/v2\/comments?post=2462"}],"version-history":[{"count":82,"href":"https:\/\/devcscpca.cubeler.net\/fr\/wp-json\/wp\/v2\/pages\/2462\/revisions"}],"predecessor-version":[{"id":4625,"href":"https:\/\/devcscpca.cubeler.net\/fr\/wp-json\/wp\/v2\/pages\/2462\/revisions\/4625"}],"wp:attachment":[{"href":"https:\/\/devcscpca.cubeler.net\/fr\/wp-json\/wp\/v2\/media?parent=2462"}],"curies":[{"name":"wp","href":"https:\/\/api.w.org\/{rel}","templated":true}]}}